{"id":6,"date":"2017-11-15T19:44:57","date_gmt":"2017-11-15T19:44:57","guid":{"rendered":"http:\/\/www.rock-adventures.com\/?page_id=6"},"modified":"2022-12-12T18:33:41","modified_gmt":"2022-12-12T18:33:41","slug":"about","status":"publish","type":"page","link":"https:\/\/www.rock-adventures.com\/?page_id=6","title":{"rendered":"About"},"content":{"rendered":"<p><b><span style=\"font-family: Calibri;\">\u00dcber den Blog<\/span><\/b><\/p>\n<p>Ich Berichte \u00fcber all meine Kletter- und Bergsporterlebnisse. \u00dcber verschiedene Touren, diverse Unterk\u00fcnfte, Erfahrungen und Eindr\u00fccke, Material (aus meiner Sicht, ohne kommerziellen Hintergrund), Tipps und Tricks.<\/p>\n<p>Mir geht es beim bloggen darum, aus der Sicht als Nicht-Profi zu berichten. Meine Erfahrungen weiterzugeben, zum Beispiel zeigen, wie ich was mache, wie ich improvisiere und auch organisiere. Bei manchen Sachen wurde ich von Kameraden inspiriert und so einiges habe ich selbst ausget\u00fcftelt. Man lernt immer wieder dazu und je mehr Erfahrungen gesammelt werden, umso mehr Spass macht es!<\/p>\n<p><b><span style=\"font-family: Calibri;\">\u00dcber mich<\/span><\/b><\/p>\n<p>Mein Name ist Karin, 1978, wohnhaft im Kt. Aargau (Schweiz) und ich arbeite als Technische Sachbearbeiterin und im Catering. Meine Leidenschaft ist der Kletter- und Bergsport. Am liebsten habe ich Alpine (Kletter-)Touren wie auch das Biwakieren. Tagelang &#8222;draussen zu Hause&#8220; zu sein bedeutet f\u00fcr mich Freiheit und komplettes abschalten.<\/p>\n<h4><\/h4>\n<p><img loading=\"lazy\" decoding=\"async\" class=\"wp-image-188 aligncenter\" src=\"https:\/\/www.rock-adventures.com\/wp-content\/uploads\/2017\/12\/20160625_120400-2-300x169.jpg\" alt=\"\" width=\"314\" height=\"177\" srcset=\"https:\/\/www.rock-adventures.com\/wp-content\/uploads\/2017\/12\/20160625_120400-2-300x169.jpg 300w, https:\/\/www.rock-adventures.com\/wp-content\/uploads\/2017\/12\/20160625_120400-2.jpg 640w\" sizes=\"auto, (max-width: 314px) 100vw, 314px\" \/><\/p>\n","protected":false},"excerpt":{"rendered":"<p>\u00dcber den Blog Ich Berichte \u00fcber all meine Kletter- und Bergsporterlebnisse. \u00dcber verschiedene Touren, diverse Unterk\u00fcnfte, Erfahrungen und Eindr\u00fccke, Material (aus meiner Sicht, ohne kommerziellen Hintergrund), Tipps und Tricks. Mir geht es beim bloggen darum, aus der Sicht als Nicht-Profi zu berichten. Meine Erfahrungen weiterzugeben,&nbsp;<a class=\"read-more\" href=\"https:\/\/www.rock-adventures.com\/?page_id=6\">&hellip;<\/a><\/p>\n","protected":false},"author":1,"featured_media":0,"parent":0,"menu_order":0,"comment_status":"closed","ping_status":"closed","template":"","meta":{"footnotes":""},"class_list":["post-6","page","type-page","status-publish","hentry"],"_links":{"self":[{"href":"https:\/\/www.rock-adventures.com\/index.php?rest_route=\/wp\/v2\/pages\/6","targetHints":{"allow":["GET"]}}],"collection":[{"href":"https:\/\/www.rock-adventures.com\/index.php?rest_route=\/wp\/v2\/pages"}],"about":[{"href":"https:\/\/www.rock-adventures.com\/index.php?rest_route=\/wp\/v2\/types\/page"}],"author":[{"embeddable":true,"href":"https:\/\/www.rock-adventures.com\/index.php?rest_route=\/wp\/v2\/users\/1"}],"replies":[{"embeddable":true,"href":"https:\/\/www.rock-adventures.com\/index.php?rest_route=%2Fwp%2Fv2%2Fcomments&post=6"}],"version-history":[{"count":12,"href":"https:\/\/www.rock-adventures.com\/index.php?rest_route=\/wp\/v2\/pages\/6\/revisions"}],"predecessor-version":[{"id":2431,"href":"https:\/\/www.rock-adventures.com\/index.php?rest_route=\/wp\/v2\/pages\/6\/revisions\/2431"}],"wp:attachment":[{"href":"https:\/\/www.rock-adventures.com\/index.php?rest_route=%2Fwp%2Fv2%2Fmedia&parent=6"}],"curies":[{"name":"wp","href":"https:\/\/api.w.org\/{rel}","templated":true}]}}